{"id":150,"date":"2023-11-21T15:57:37","date_gmt":"2023-11-21T18:57:37","guid":{"rendered":"https:\/\/oficiopro.com.br\/?page_id=150"},"modified":"2023-11-21T16:35:13","modified_gmt":"2023-11-21T19:35:13","slug":"servicos","status":"publish","type":"page","link":"https:\/\/oficiopro.com.br\/?page_id=150","title":{"rendered":"Servi\u00e7os"},"content":{"rendered":"<div data-colibri-id=\"150-c1\" class=\"style-265 style-local-150-c1 position-relative\">\n  <!---->\n  <div data-colibri-component=\"section\" data-colibri-id=\"150-c9\" id=\"content\" class=\"h-section h-section-global-spacing d-flex align-items-lg-center align-items-md-center align-items-center style-273 style-local-150-c9 position-relative\">\n    <!---->\n    <!---->\n    <div class=\"h-section-grid-container h-section-fluid-container\">\n      <!---->\n      <div data-colibri-id=\"150-c10\" class=\"h-row-container gutters-row-lg-0 gutters-row-md-0 gutters-row-2 gutters-row-v-lg-0 gutters-row-v-md-0 gutters-row-v-2 style-274 style-local-150-c10 position-relative\">\n        <!---->\n        <div class=\"h-row justify-content-lg-center justify-content-md-center justify-content-center align-items-lg-stretch align-items-md-stretch align-items-stretch gutters-col-lg-0 gutters-col-md-0 gutters-col-2 gutters-col-v-lg-0 gutters-col-v-md-0 gutters-col-v-2\">\n          <!---->\n          <div class=\"h-column h-column-container d-flex h-col-lg-auto h-col-md-auto h-col-auto style-275-outer style-local-150-c11-outer\">\n            <div data-colibri-id=\"150-c11\" class=\"d-flex h-flex-basis h-column__inner h-px-lg-0 h-px-md-0 h-px-0 v-inner-lg-0 v-inner-md-0 v-inner-0 style-275 style-local-150-c11 position-relative\">\n              <!---->\n              <!---->\n              <div class=\"w-100 h-y-container h-column__content h-column__v-align flex-basis-100 align-self-lg-start align-self-md-start align-self-start\">\n                <!---->\n                <div data-colibri-id=\"150-c12\" class=\"h-global-transition-all h-heading style-277 style-local-150-c12 position-relative h-element\">\n                  <!---->\n                  <div class=\"h-heading__outer style-277 style-local-150-c12\">\n                    <!---->\n                    <!---->\n                    <h2 class=\"\">Nossos Servi\u00e7os<\/h2>\n                  <\/div>\n                <\/div>\n                <div data-colibri-id=\"150-c13\" class=\"h-text h-text-component style-278 style-local-150-c13 position-relative h-element\">\n                  <!---->\n                  <!---->\n                  <div class=\"\">\n                    <p>A Of\u00edcioPro \u00e9 uma ag\u00eancia digital que veio ao mundo para elevar o profissionalismo dos of\u00edcios de seus clientes, oferecendo solu\u00e7\u00f5es digitais inovadoras e personalizadas. Com expertise em diversas \u00e1reas, a Of\u00edcioPro transforma habilidades\n                      em neg\u00f3cios de sucesso, impulsionando a presen\u00e7a online e ampliando oportunidades. Seja um mestre artes\u00e3o ou um talentoso prestador de servi\u00e7os, conte com a Of\u00edcioPro para levar seu of\u00edcio a novos patamares.<\/p>\n                  <\/div>\n                <\/div>\n                <div data-colibri-id=\"150-c14\" class=\"h-row-container gutters-row-lg-2 gutters-row-md-2 gutters-row-0 gutters-row-v-lg-2 gutters-row-v-md-2 gutters-row-v-0 style-279 style-local-150-c14 position-relative\">\n                  <!---->\n                  <div class=\"h-row justify-content-lg-center justify-content-md-center justify-content-center align-items-lg-stretch align-items-md-stretch align-items-stretch gutters-col-lg-2 gutters-col-md-2 gutters-col-0 gutters-col-v-lg-2 gutters-col-v-md-2 gutters-col-v-0\">\n                    <!---->\n                    <div class=\"h-column h-column-container d-flex h-col-lg-6 h-col-md-6 h-col-6 style-280-outer style-local-150-c15-outer\">\n                      <div data-colibri-id=\"150-c15\" class=\"d-flex h-flex-basis h-column__inner h-px-lg-0 h-px-md-0 h-px-0 v-inner-lg-0 v-inner-md-0 v-inner-0 style-280 style-local-150-c15 position-relative\">\n                        <!---->\n                        <!---->\n                        <div class=\"w-100 h-y-container h-column__content h-column__v-align flex-basis-100 align-self-lg-start align-self-md-start align-self-start\">\n                          <!---->\n                          <div data-colibri-id=\"150-c16\" class=\"h-global-transition-all h-heading style-281 style-local-150-c16 position-relative h-element\">\n                            <!---->\n                            <div class=\"h-heading__outer style-281 style-local-150-c16\">\n                              <!---->\n                              <!---->\n                              <h5 class=\"\">Consultoria<\/h5>\n                            <\/div>\n                          <\/div>\n                          <div data-colibri-id=\"150-c17\" class=\"h-text h-text-component style-282 style-local-150-c17 position-relative h-element\">\n                            <!---->\n                            <!---->\n                            <div class=\"\">\n                              <p>Conte com a nossa consultoria estrat\u00e9gica de neg\u00f3cios para profissionalizar seu neg\u00f3cio.<\/p>\n                            <\/div>\n                          <\/div>\n                        <\/div>\n                      <\/div>\n                    <\/div>\n                    <div class=\"h-column h-column-container d-flex h-col-lg-6 h-col-md-6 h-col-6 style-280-outer style-local-150-c18-outer\">\n                      <div data-colibri-id=\"150-c18\" class=\"d-flex h-flex-basis h-column__inner h-px-lg-0 h-px-md-0 h-px-0 v-inner-lg-0 v-inner-md-0 v-inner-0 style-280 style-local-150-c18 position-relative\">\n                        <!---->\n                        <!---->\n                        <div class=\"w-100 h-y-container h-column__content h-column__v-align flex-basis-100 align-self-lg-start align-self-md-start align-self-start\">\n                          <!---->\n                          <div data-colibri-id=\"150-c19\" class=\"h-global-transition-all h-heading style-281 style-local-150-c19 position-relative h-element\">\n                            <!---->\n                            <div class=\"h-heading__outer style-281 style-local-150-c19\">\n                              <!---->\n                              <!---->\n                              <h5 class=\"\">Gest\u00e3o de m\u00eddias<\/h5>\n                            <\/div>\n                          <\/div>\n                          <div data-colibri-id=\"150-c20\" class=\"h-text h-text-component style-282 style-local-150-c20 position-relative h-element\">\n                            <!---->\n                            <!---->\n                            <div class=\"\">\n                              <p>Conte conosco para alavancar sua presen\u00e7a digital.<\/p>\n                            <\/div>\n                          <\/div>\n                        <\/div>\n                      <\/div>\n                    <\/div>\n                    <div class=\"h-column h-column-container d-flex h-col-lg-6 h-col-md-6 h-col-6 style-280-outer style-local-150-c21-outer\">\n                      <div data-colibri-id=\"150-c21\" class=\"d-flex h-flex-basis h-column__inner h-px-lg-0 h-px-md-0 h-px-0 v-inner-lg-0 v-inner-md-0 v-inner-0 style-280 style-local-150-c21 position-relative\">\n                        <!---->\n                        <!---->\n                        <div class=\"w-100 h-y-container h-column__content h-column__v-align flex-basis-100 align-self-lg-start align-self-md-start align-self-start\">\n                          <!---->\n                          <div data-colibri-id=\"150-c22\" class=\"h-global-transition-all h-heading style-281 style-local-150-c22 position-relative h-element\">\n                            <!---->\n                            <div class=\"h-heading__outer style-281 style-local-150-c22\">\n                              <!---->\n                              <!---->\n                              <h5 class=\"\">Carreiras pol\u00edticas<\/h5>\n                            <\/div>\n                          <\/div>\n                          <div data-colibri-id=\"150-c23\" class=\"h-text h-text-component style-282 style-local-150-c23 position-relative h-element\">\n                            <!---->\n                            <!---->\n                            <div class=\"\">\n                              <p>Com grande experi\u00eancia conseguimos te apoiar nessa complexa engrenagem pol\u00edtica.<\/p>\n                            <\/div>\n                          <\/div>\n                        <\/div>\n                      <\/div>\n                    <\/div>\n                    <div class=\"h-column h-column-container d-flex h-col-lg-6 h-col-md-6 h-col-6 style-280-outer style-local-150-c24-outer\">\n                      <div data-colibri-id=\"150-c24\" class=\"d-flex h-flex-basis h-column__inner h-px-lg-0 h-px-md-0 h-px-0 v-inner-lg-0 v-inner-md-0 v-inner-0 style-280 style-local-150-c24 position-relative\">\n                        <!---->\n                        <!---->\n                        <div class=\"w-100 h-y-container h-column__content h-column__v-align flex-basis-100 align-self-lg-start align-self-md-start align-self-start\">\n                          <!---->\n                          <div data-colibri-id=\"150-c25\" class=\"h-global-transition-all h-heading style-281 style-local-150-c25 position-relative h-element\">\n                            <!---->\n                            <div class=\"h-heading__outer style-281 style-local-150-c25\">\n                              <!---->\n                              <!---->\n                              <h5 class=\"\">Cria\u00e7\u00e3o de SItes<\/h5>\n                            <\/div>\n                          <\/div>\n                          <div data-colibri-id=\"150-c26\" class=\"h-text h-text-component style-282 style-local-150-c26 position-relative h-element\">\n                            <!---->\n                            <!---->\n                            <div class=\"\">\n                              <p>Alie nossa criatividade e deixe seu neg\u00f3cio bem visto na internet.<\/p>\n                            <\/div>\n                          <\/div>\n                        <\/div>\n                      <\/div>\n                    <\/div>\n                  <\/div>\n                <\/div>\n              <\/div>\n            <\/div>\n          <\/div>\n          <div class=\"h-column h-column-container d-flex h-col-lg-auto h-col-md-auto h-col-auto style-283-outer style-local-150-c27-outer\">\n            <div data-colibri-id=\"150-c27\" class=\"d-flex h-flex-basis h-column__inner h-ui-empty-state-container h-px-lg-0 h-px-md-0 h-px-0 v-inner-lg-0 v-inner-md-0 v-inner-0 style-283 style-local-150-c27 position-relative\">\n              <!---->\n              <!---->\n              <div class=\"w-100 h-y-container h-column__content h-column__v-align flex-basis-100\">\n                <!---->\n              <\/div>\n            <\/div>\n          <\/div>\n        <\/div>\n      <\/div>\n    <\/div>\n  <\/div>\n  <div data-colibri-component=\"section\" data-colibri-id=\"150-c2\" id=\"cta\" class=\"h-section h-section-global-spacing d-flex align-items-lg-center align-items-md-center align-items-center style-418 style-local-150-c2 position-relative\">\n    <!---->\n    <!---->\n    <div class=\"h-section-grid-container h-section-boxed-container\">\n      <!---->\n      <div data-colibri-id=\"150-c3\" class=\"h-row-container gutters-row-lg-2 gutters-row-md-2 gutters-row-0 gutters-row-v-lg-2 gutters-row-v-md-2 gutters-row-v-2 style-419 style-local-150-c3 position-relative\">\n        <!---->\n        <div class=\"h-row justify-content-lg-center justify-content-md-center justify-content-center align-items-lg-stretch align-items-md-stretch align-items-stretch gutters-col-lg-2 gutters-col-md-2 gutters-col-0 gutters-col-v-lg-2 gutters-col-v-md-2 gutters-col-v-2\">\n          <!---->\n          <div class=\"h-column h-column-container d-flex h-col-lg h-col-md h-col-auto style-420-outer style-local-150-c4-outer\">\n            <div data-colibri-id=\"150-c4\" class=\"d-flex h-flex-basis h-column__inner h-px-lg-0 h-px-md-0 h-px-2 v-inner-lg-0 v-inner-md-0 v-inner-2 style-420 style-local-150-c4 position-relative\">\n              <!---->\n              <!---->\n              <div class=\"w-100 h-y-container h-column__content h-column__v-align flex-basis-100 align-self-lg-center align-self-md-center align-self-center\">\n                <!---->\n                <div data-colibri-id=\"150-c5\" class=\"h-global-transition-all h-heading style-421 style-local-150-c5 position-relative h-element\">\n                  <!---->\n                  <div class=\"h-heading__outer style-421 style-local-150-c5\">\n                    <!---->\n                    <!---->\n                    <h2 class=\"\">Venha ser OficioPro<\/h2>\n                  <\/div>\n                <\/div>\n              <\/div>\n            <\/div>\n          <\/div>\n          <div class=\"h-column h-column-container d-flex h-col-lg-auto h-col-md-auto h-col-auto style-422-outer style-local-150-c6-outer\">\n            <div data-colibri-id=\"150-c6\" class=\"d-flex h-flex-basis h-column__inner h-px-lg-0 h-px-md-0 h-px-2 v-inner-lg-0 v-inner-md-0 v-inner-2 style-422 style-local-150-c6 position-relative\">\n              <!---->\n              <!---->\n              <div class=\"w-100 h-y-container h-column__content h-column__v-align flex-basis-auto align-self-lg-center align-self-md-center align-self-center\">\n                <!---->\n                <div data-colibri-id=\"150-c7\" class=\"h-x-container style-423 style-local-150-c7 position-relative h-element\">\n                  <!---->\n                  <div class=\"h-x-container-inner style-dynamic-150-c7-group style-423-spacing style-local-150-c7-spacing\"><span class=\"h-button__outer style-424-outer style-local-150-c8-outer d-inline-flex h-element\"><a h-use-smooth-scroll=\"true\" href=\"https:\/\/wa.me\/5531984112960\"  data-colibri-id=\"150-c8\" class=\"d-flex w-100 align-items-center h-button justify-content-lg-center justify-content-md-center justify-content-center style-424 style-local-150-c8 position-relative\"><!----><!----> <span>Contato<\/span><\/a>\n                    <\/span>\n                  <\/div>\n                <\/div>\n              <\/div>\n            <\/div>\n          <\/div>\n        <\/div>\n      <\/div>\n    <\/div>\n  <\/div>\n<\/div>","protected":false},"excerpt":{"rendered":"<p>Nossos Servi\u00e7os A Of\u00edcioPro \u00e9 uma ag\u00eancia digital que veio ao mundo para elevar o profissionalismo dos of\u00edcios de seus clientes, oferecendo solu\u00e7\u00f5es digitais inovadoras e personalizadas. Com expertise em diversas \u00e1reas, a Of\u00edcioPro transforma habilidades em neg\u00f3cios de sucesso, impulsionando a presen\u00e7a online e ampliando oportunidades. Seja um mestre artes\u00e3o ou um talentoso prestador [&hellip;]<\/p>\n","protected":false},"author":1,"featured_media":0,"parent":0,"menu_order":0,"comment_status":"closed","ping_status":"closed","template":"page-templates\/full-width-page.php","meta":{"om_disable_all_campaigns":false,"_monsterinsights_skip_tracking":false,"_monsterinsights_sitenote_active":false,"_monsterinsights_sitenote_note":"","_monsterinsights_sitenote_category":0,"_uf_show_specific_survey":0,"_uf_disable_surveys":false,"_joinchat":[],"footnotes":""},"class_list":["post-150","page","type-page","status-publish","hentry"],"aioseo_notices":[],"yoast_head":"<!-- This site is optimized with the Yoast SEO plugin v27.4 - https:\/\/yoast.com\/product\/yoast-seo-wordpress\/ -->\n<title>Servi\u00e7os - OficioPro<\/title>\n<meta name=\"robots\" content=\"index, follow, max-snippet:-1, max-image-preview:large, max-video-preview:-1\" \/>\n<link rel=\"canonical\" href=\"https:\/\/oficiopro.com.br\/?page_id=150\" \/>\n<meta property=\"og:locale\" content=\"pt_BR\" \/>\n<meta property=\"og:type\" content=\"article\" \/>\n<meta property=\"og:title\" content=\"Servi\u00e7os - OficioPro\" \/>\n<meta property=\"og:description\" content=\"Nossos Servi\u00e7os A Of\u00edcioPro \u00e9 uma ag\u00eancia digital que veio ao mundo para elevar o profissionalismo dos of\u00edcios de seus clientes, oferecendo solu\u00e7\u00f5es digitais inovadoras e personalizadas. Com expertise em diversas \u00e1reas, a Of\u00edcioPro transforma habilidades em neg\u00f3cios de sucesso, impulsionando a presen\u00e7a online e ampliando oportunidades. Seja um mestre artes\u00e3o ou um talentoso prestador [&hellip;]\" \/>\n<meta property=\"og:url\" content=\"https:\/\/oficiopro.com.br\/?page_id=150\" \/>\n<meta property=\"og:site_name\" content=\"OficioPro\" \/>\n<meta property=\"article:modified_time\" content=\"2023-11-21T19:35:13+00:00\" \/>\n<meta name=\"twitter:card\" content=\"summary_large_image\" \/>\n<meta name=\"twitter:label1\" content=\"Est. tempo de leitura\" \/>\n\t<meta name=\"twitter:data1\" content=\"1 minuto\" \/>\n<script type=\"application\/ld+json\" class=\"yoast-schema-graph\">{\"@context\":\"https:\\\/\\\/schema.org\",\"@graph\":[{\"@type\":\"WebPage\",\"@id\":\"https:\\\/\\\/oficiopro.com.br\\\/?page_id=150\",\"url\":\"https:\\\/\\\/oficiopro.com.br\\\/?page_id=150\",\"name\":\"Servi\u00e7os - OficioPro\",\"isPartOf\":{\"@id\":\"https:\\\/\\\/oficiopro.com.br\\\/#website\"},\"datePublished\":\"2023-11-21T18:57:37+00:00\",\"dateModified\":\"2023-11-21T19:35:13+00:00\",\"breadcrumb\":{\"@id\":\"https:\\\/\\\/oficiopro.com.br\\\/?page_id=150#breadcrumb\"},\"inLanguage\":\"pt-BR\",\"potentialAction\":[{\"@type\":\"ReadAction\",\"target\":[\"https:\\\/\\\/oficiopro.com.br\\\/?page_id=150\"]}]},{\"@type\":\"BreadcrumbList\",\"@id\":\"https:\\\/\\\/oficiopro.com.br\\\/?page_id=150#breadcrumb\",\"itemListElement\":[{\"@type\":\"ListItem\",\"position\":1,\"name\":\"In\u00edcio\",\"item\":\"https:\\\/\\\/oficiopro.com.br\\\/\"},{\"@type\":\"ListItem\",\"position\":2,\"name\":\"Servi\u00e7os\"}]},{\"@type\":\"WebSite\",\"@id\":\"https:\\\/\\\/oficiopro.com.br\\\/#website\",\"url\":\"https:\\\/\\\/oficiopro.com.br\\\/\",\"name\":\"OficioPro\",\"description\":\"Profissionalizando o seu Of\u00edcio. Cria\u00e7\u00e3o de Sites.\",\"publisher\":{\"@id\":\"https:\\\/\\\/oficiopro.com.br\\\/#organization\"},\"potentialAction\":[{\"@type\":\"SearchAction\",\"target\":{\"@type\":\"EntryPoint\",\"urlTemplate\":\"https:\\\/\\\/oficiopro.com.br\\\/?s={search_term_string}\"},\"query-input\":{\"@type\":\"PropertyValueSpecification\",\"valueRequired\":true,\"valueName\":\"search_term_string\"}}],\"inLanguage\":\"pt-BR\"},{\"@type\":\"Organization\",\"@id\":\"https:\\\/\\\/oficiopro.com.br\\\/#organization\",\"name\":\"OficioPro - Profissionalizando seu Of\u00edcio\",\"url\":\"https:\\\/\\\/oficiopro.com.br\\\/\",\"logo\":{\"@type\":\"ImageObject\",\"inLanguage\":\"pt-BR\",\"@id\":\"https:\\\/\\\/oficiopro.com.br\\\/#\\\/schema\\\/logo\\\/image\\\/\",\"url\":\"https:\\\/\\\/oficiopro.com.br\\\/wp-content\\\/uploads\\\/2023\\\/11\\\/cropped-cropped-Logo_Oficio_600.png\",\"contentUrl\":\"https:\\\/\\\/oficiopro.com.br\\\/wp-content\\\/uploads\\\/2023\\\/11\\\/cropped-cropped-Logo_Oficio_600.png\",\"width\":600,\"height\":600,\"caption\":\"OficioPro - Profissionalizando seu Of\u00edcio\"},\"image\":{\"@id\":\"https:\\\/\\\/oficiopro.com.br\\\/#\\\/schema\\\/logo\\\/image\\\/\"},\"sameAs\":[\"https:\\\/\\\/www.instagram.com\\\/oficioprodesign\\\/\"]}]}<\/script>\n<!-- \/ Yoast SEO plugin. -->","yoast_head_json":{"title":"Servi\u00e7os - OficioPro","robots":{"index":"index","follow":"follow","max-snippet":"max-snippet:-1","max-image-preview":"max-image-preview:large","max-video-preview":"max-video-preview:-1"},"canonical":"https:\/\/oficiopro.com.br\/?page_id=150","og_locale":"pt_BR","og_type":"article","og_title":"Servi\u00e7os - OficioPro","og_description":"Nossos Servi\u00e7os A Of\u00edcioPro \u00e9 uma ag\u00eancia digital que veio ao mundo para elevar o profissionalismo dos of\u00edcios de seus clientes, oferecendo solu\u00e7\u00f5es digitais inovadoras e personalizadas. Com expertise em diversas \u00e1reas, a Of\u00edcioPro transforma habilidades em neg\u00f3cios de sucesso, impulsionando a presen\u00e7a online e ampliando oportunidades. Seja um mestre artes\u00e3o ou um talentoso prestador [&hellip;]","og_url":"https:\/\/oficiopro.com.br\/?page_id=150","og_site_name":"OficioPro","article_modified_time":"2023-11-21T19:35:13+00:00","twitter_card":"summary_large_image","twitter_misc":{"Est. tempo de leitura":"1 minuto"},"schema":{"@context":"https:\/\/schema.org","@graph":[{"@type":"WebPage","@id":"https:\/\/oficiopro.com.br\/?page_id=150","url":"https:\/\/oficiopro.com.br\/?page_id=150","name":"Servi\u00e7os - OficioPro","isPartOf":{"@id":"https:\/\/oficiopro.com.br\/#website"},"datePublished":"2023-11-21T18:57:37+00:00","dateModified":"2023-11-21T19:35:13+00:00","breadcrumb":{"@id":"https:\/\/oficiopro.com.br\/?page_id=150#breadcrumb"},"inLanguage":"pt-BR","potentialAction":[{"@type":"ReadAction","target":["https:\/\/oficiopro.com.br\/?page_id=150"]}]},{"@type":"BreadcrumbList","@id":"https:\/\/oficiopro.com.br\/?page_id=150#breadcrumb","itemListElement":[{"@type":"ListItem","position":1,"name":"In\u00edcio","item":"https:\/\/oficiopro.com.br\/"},{"@type":"ListItem","position":2,"name":"Servi\u00e7os"}]},{"@type":"WebSite","@id":"https:\/\/oficiopro.com.br\/#website","url":"https:\/\/oficiopro.com.br\/","name":"OficioPro","description":"Profissionalizando o seu Of\u00edcio. Cria\u00e7\u00e3o de Sites.","publisher":{"@id":"https:\/\/oficiopro.com.br\/#organization"},"potentialAction":[{"@type":"SearchAction","target":{"@type":"EntryPoint","urlTemplate":"https:\/\/oficiopro.com.br\/?s={search_term_string}"},"query-input":{"@type":"PropertyValueSpecification","valueRequired":true,"valueName":"search_term_string"}}],"inLanguage":"pt-BR"},{"@type":"Organization","@id":"https:\/\/oficiopro.com.br\/#organization","name":"OficioPro - Profissionalizando seu Of\u00edcio","url":"https:\/\/oficiopro.com.br\/","logo":{"@type":"ImageObject","inLanguage":"pt-BR","@id":"https:\/\/oficiopro.com.br\/#\/schema\/logo\/image\/","url":"https:\/\/oficiopro.com.br\/wp-content\/uploads\/2023\/11\/cropped-cropped-Logo_Oficio_600.png","contentUrl":"https:\/\/oficiopro.com.br\/wp-content\/uploads\/2023\/11\/cropped-cropped-Logo_Oficio_600.png","width":600,"height":600,"caption":"OficioPro - Profissionalizando seu Of\u00edcio"},"image":{"@id":"https:\/\/oficiopro.com.br\/#\/schema\/logo\/image\/"},"sameAs":["https:\/\/www.instagram.com\/oficioprodesign\/"]}]}},"_links":{"self":[{"href":"https:\/\/oficiopro.com.br\/index.php?rest_route=\/wp\/v2\/pages\/150","targetHints":{"allow":["GET"]}}],"collection":[{"href":"https:\/\/oficiopro.com.br\/index.php?rest_route=\/wp\/v2\/pages"}],"about":[{"href":"https:\/\/oficiopro.com.br\/index.php?rest_route=\/wp\/v2\/types\/page"}],"author":[{"embeddable":true,"href":"https:\/\/oficiopro.com.br\/index.php?rest_route=\/wp\/v2\/users\/1"}],"replies":[{"embeddable":true,"href":"https:\/\/oficiopro.com.br\/index.php?rest_route=%2Fwp%2Fv2%2Fcomments&post=150"}],"version-history":[{"count":6,"href":"https:\/\/oficiopro.com.br\/index.php?rest_route=\/wp\/v2\/pages\/150\/revisions"}],"predecessor-version":[{"id":258,"href":"https:\/\/oficiopro.com.br\/index.php?rest_route=\/wp\/v2\/pages\/150\/revisions\/258"}],"wp:attachment":[{"href":"https:\/\/oficiopro.com.br\/index.php?rest_route=%2Fwp%2Fv2%2Fmedia&parent=150"}],"curies":[{"name":"wp","href":"https:\/\/api.w.org\/{rel}","templated":true}]}}