{"id":8,"date":"2023-11-21T15:16:34","date_gmt":"2023-11-21T18:16:34","guid":{"rendered":"https:\/\/oficiopro.com.br\/?page_id=8"},"modified":"2023-12-04T15:01:02","modified_gmt":"2023-12-04T18:01:02","slug":"brite","status":"publish","type":"page","link":"https:\/\/oficiopro.com.br\/","title":{"rendered":"OficioPro"},"content":{"rendered":"","protected":false},"excerpt":{"rendered":"","protected":false},"author":1,"featured_media":0,"parent":0,"menu_order":0,"comment_status":"closed","ping_status":"closed","template":"page-templates\/homepage.php","meta":{"om_disable_all_campaigns":false,"_monsterinsights_skip_tracking":false,"_monsterinsights_sitenote_active":false,"_monsterinsights_sitenote_note":"","_monsterinsights_sitenote_category":0,"_uf_show_specific_survey":0,"_uf_disable_surveys":false,"_joinchat":[],"footnotes":""},"class_list":["post-8","page","type-page","status-publish","hentry"],"aioseo_notices":[],"yoast_head":"<!-- This site is optimized with the Yoast SEO plugin v27.3 - https:\/\/yoast.com\/product\/yoast-seo-wordpress\/ -->\n<title>OficioPro - OficioPro<\/title>\n<meta name=\"robots\" content=\"index, follow, max-snippet:-1, max-image-preview:large, max-video-preview:-1\" \/>\n<link rel=\"canonical\" href=\"https:\/\/oficiopro.com.br\/\" \/>\n<meta property=\"og:locale\" content=\"pt_BR\" \/>\n<meta property=\"og:type\" content=\"article\" \/>\n<meta property=\"og:title\" content=\"OficioPro - OficioPro\" \/>\n<meta property=\"og:url\" content=\"https:\/\/oficiopro.com.br\/\" \/>\n<meta property=\"og:site_name\" content=\"OficioPro\" \/>\n<meta property=\"article:modified_time\" content=\"2023-12-04T18:01:02+00:00\" \/>\n<meta name=\"twitter:card\" content=\"summary_large_image\" \/>\n<script type=\"application\/ld+json\" class=\"yoast-schema-graph\">{\"@context\":\"https:\\\/\\\/schema.org\",\"@graph\":[{\"@type\":\"WebPage\",\"@id\":\"https:\\\/\\\/oficiopro.com.br\\\/\",\"url\":\"https:\\\/\\\/oficiopro.com.br\\\/\",\"name\":\"OficioPro - OficioPro\",\"isPartOf\":{\"@id\":\"https:\\\/\\\/oficiopro.com.br\\\/#website\"},\"datePublished\":\"2023-11-21T18:16:34+00:00\",\"dateModified\":\"2023-12-04T18:01:02+00:00\",\"breadcrumb\":{\"@id\":\"https:\\\/\\\/oficiopro.com.br\\\/#breadcrumb\"},\"inLanguage\":\"pt-BR\",\"potentialAction\":[{\"@type\":\"ReadAction\",\"target\":[\"https:\\\/\\\/oficiopro.com.br\\\/\"]}]},{\"@type\":\"BreadcrumbList\",\"@id\":\"https:\\\/\\\/oficiopro.com.br\\\/#breadcrumb\",\"itemListElement\":[{\"@type\":\"ListItem\",\"position\":1,\"name\":\"In\u00edcio\",\"item\":\"https:\\\/\\\/oficiopro.com.br\\\/\"},{\"@type\":\"ListItem\",\"position\":2,\"name\":\"OficioPro\"}]},{\"@type\":\"WebSite\",\"@id\":\"https:\\\/\\\/oficiopro.com.br\\\/#website\",\"url\":\"https:\\\/\\\/oficiopro.com.br\\\/\",\"name\":\"OficioPro\",\"description\":\"Profissionalizando o seu Of\u00edcio. Cria\u00e7\u00e3o de Sites.\",\"publisher\":{\"@id\":\"https:\\\/\\\/oficiopro.com.br\\\/#organization\"},\"potentialAction\":[{\"@type\":\"SearchAction\",\"target\":{\"@type\":\"EntryPoint\",\"urlTemplate\":\"https:\\\/\\\/oficiopro.com.br\\\/?s={search_term_string}\"},\"query-input\":{\"@type\":\"PropertyValueSpecification\",\"valueRequired\":true,\"valueName\":\"search_term_string\"}}],\"inLanguage\":\"pt-BR\"},{\"@type\":\"Organization\",\"@id\":\"https:\\\/\\\/oficiopro.com.br\\\/#organization\",\"name\":\"OficioPro - Profissionalizando seu Of\u00edcio\",\"url\":\"https:\\\/\\\/oficiopro.com.br\\\/\",\"logo\":{\"@type\":\"ImageObject\",\"inLanguage\":\"pt-BR\",\"@id\":\"https:\\\/\\\/oficiopro.com.br\\\/#\\\/schema\\\/logo\\\/image\\\/\",\"url\":\"https:\\\/\\\/oficiopro.com.br\\\/wp-content\\\/uploads\\\/2023\\\/11\\\/cropped-cropped-Logo_Oficio_600.png\",\"contentUrl\":\"https:\\\/\\\/oficiopro.com.br\\\/wp-content\\\/uploads\\\/2023\\\/11\\\/cropped-cropped-Logo_Oficio_600.png\",\"width\":600,\"height\":600,\"caption\":\"OficioPro - Profissionalizando seu Of\u00edcio\"},\"image\":{\"@id\":\"https:\\\/\\\/oficiopro.com.br\\\/#\\\/schema\\\/logo\\\/image\\\/\"},\"sameAs\":[\"https:\\\/\\\/www.instagram.com\\\/oficioprodesign\\\/\"]}]}<\/script>\n<!-- \/ Yoast SEO plugin. -->","yoast_head_json":{"title":"OficioPro - OficioPro","robots":{"index":"index","follow":"follow","max-snippet":"max-snippet:-1","max-image-preview":"max-image-preview:large","max-video-preview":"max-video-preview:-1"},"canonical":"https:\/\/oficiopro.com.br\/","og_locale":"pt_BR","og_type":"article","og_title":"OficioPro - OficioPro","og_url":"https:\/\/oficiopro.com.br\/","og_site_name":"OficioPro","article_modified_time":"2023-12-04T18:01:02+00:00","twitter_card":"summary_large_image","schema":{"@context":"https:\/\/schema.org","@graph":[{"@type":"WebPage","@id":"https:\/\/oficiopro.com.br\/","url":"https:\/\/oficiopro.com.br\/","name":"OficioPro - OficioPro","isPartOf":{"@id":"https:\/\/oficiopro.com.br\/#website"},"datePublished":"2023-11-21T18:16:34+00:00","dateModified":"2023-12-04T18:01:02+00:00","breadcrumb":{"@id":"https:\/\/oficiopro.com.br\/#breadcrumb"},"inLanguage":"pt-BR","potentialAction":[{"@type":"ReadAction","target":["https:\/\/oficiopro.com.br\/"]}]},{"@type":"BreadcrumbList","@id":"https:\/\/oficiopro.com.br\/#breadcrumb","itemListElement":[{"@type":"ListItem","position":1,"name":"In\u00edcio","item":"https:\/\/oficiopro.com.br\/"},{"@type":"ListItem","position":2,"name":"OficioPro"}]},{"@type":"WebSite","@id":"https:\/\/oficiopro.com.br\/#website","url":"https:\/\/oficiopro.com.br\/","name":"OficioPro","description":"Profissionalizando o seu Of\u00edcio. Cria\u00e7\u00e3o de Sites.","publisher":{"@id":"https:\/\/oficiopro.com.br\/#organization"},"potentialAction":[{"@type":"SearchAction","target":{"@type":"EntryPoint","urlTemplate":"https:\/\/oficiopro.com.br\/?s={search_term_string}"},"query-input":{"@type":"PropertyValueSpecification","valueRequired":true,"valueName":"search_term_string"}}],"inLanguage":"pt-BR"},{"@type":"Organization","@id":"https:\/\/oficiopro.com.br\/#organization","name":"OficioPro - Profissionalizando seu Of\u00edcio","url":"https:\/\/oficiopro.com.br\/","logo":{"@type":"ImageObject","inLanguage":"pt-BR","@id":"https:\/\/oficiopro.com.br\/#\/schema\/logo\/image\/","url":"https:\/\/oficiopro.com.br\/wp-content\/uploads\/2023\/11\/cropped-cropped-Logo_Oficio_600.png","contentUrl":"https:\/\/oficiopro.com.br\/wp-content\/uploads\/2023\/11\/cropped-cropped-Logo_Oficio_600.png","width":600,"height":600,"caption":"OficioPro - Profissionalizando seu Of\u00edcio"},"image":{"@id":"https:\/\/oficiopro.com.br\/#\/schema\/logo\/image\/"},"sameAs":["https:\/\/www.instagram.com\/oficioprodesign\/"]}]}},"_links":{"self":[{"href":"https:\/\/oficiopro.com.br\/index.php?rest_route=\/wp\/v2\/pages\/8","targetHints":{"allow":["GET"]}}],"collection":[{"href":"https:\/\/oficiopro.com.br\/index.php?rest_route=\/wp\/v2\/pages"}],"about":[{"href":"https:\/\/oficiopro.com.br\/index.php?rest_route=\/wp\/v2\/types\/page"}],"author":[{"embeddable":true,"href":"https:\/\/oficiopro.com.br\/index.php?rest_route=\/wp\/v2\/users\/1"}],"replies":[{"embeddable":true,"href":"https:\/\/oficiopro.com.br\/index.php?rest_route=%2Fwp%2Fv2%2Fcomments&post=8"}],"version-history":[{"count":2,"href":"https:\/\/oficiopro.com.br\/index.php?rest_route=\/wp\/v2\/pages\/8\/revisions"}],"predecessor-version":[{"id":292,"href":"https:\/\/oficiopro.com.br\/index.php?rest_route=\/wp\/v2\/pages\/8\/revisions\/292"}],"wp:attachment":[{"href":"https:\/\/oficiopro.com.br\/index.php?rest_route=%2Fwp%2Fv2%2Fmedia&parent=8"}],"curies":[{"name":"wp","href":"https:\/\/api.w.org\/{rel}","templated":true}]}}